{"id":12,"date":"2024-04-11T16:20:40","date_gmt":"2024-04-11T16:20:40","guid":{"rendered":"https:\/\/aqaratturkey.net\/sapanca-bungalow\/?page_id=12"},"modified":"2024-04-18T15:09:17","modified_gmt":"2024-04-18T15:09:17","slug":"about-us","status":"publish","type":"page","link":"https:\/\/aqaratturkey.net\/sapanca-bungalow\/about-us\/","title":{"rendered":"HAKKIMIZDA"},"content":{"rendered":"\n<h2 class=\"wp-block-heading\">Ba\u015flang\u0131c\u0131m\u0131z :<\/h2>\n\n\n\n<hr class=\"wp-block-separator has-alpha-channel-opacity\"\/>\n\n\n\n<p>&#8220;GOLD ESTATE TURKEY&#8221;n\u0131n ba\u015flang\u0131c\u0131 T\u00fcrkiye&#8217;nin kalbinden geldi. 2004 y\u0131l\u0131nda, emlak faaliyetlerimiz ve in\u015faat  b\u00fcy\u00fck \u00f6l\u00e7\u00fcde yerel d\u00fczeydeydi, ancak son y\u0131llarda, de\u011ferli m\u00fc\u015fterilerimizin ihtiya\u00e7lar\u0131n\u0131 her yerde kar\u015f\u0131lamak i\u00e7in uluslararas\u0131 emlak faaliyetlerine giderek daha fazla odakland\u0131k. T\u00fcrkiye&#8217;deki emlak ve in\u015faat alan\u0131ndaki geni\u015f deneyimimiz, T\u00fcrk \u00fcniversitelerinden yat\u0131r\u0131m ve emlak alanlar\u0131nda diplomal\u0131 nitelikli uzmanlar\u0131m\u0131z, T\u00fcrk h\u00fck\u00fcmet yetkililerinden resmi lisanslar\u0131m\u0131z, i\u00e7 ve d\u0131\u015f ili\u015fkilerimiz&#8230; ve &#8220;GOLD ESTATE TURKEY&#8221;n\u0131n T\u00fcrkiye emlak ve in\u015faat  piyasas\u0131nda h\u0131zla en \u00fcst s\u0131ralara y\u00fckselmesine yard\u0131mc\u0131 olan di\u011fer bir\u00e7ok fakt\u00f6r\u00fcm\u00fcz oldu.<\/p>\n\n\n\n<p>Bug\u00fcn, &#8220;GOLD ESTATE TURKEY&#8221;da, de\u011ferli m\u00fc\u015fterilerimizle ilk andan itibaren yan yana duruyoruz. Projelerine genellikle soru sorma ve ara\u015ft\u0131rma ile ba\u015flad\u0131klar\u0131 ve ard\u0131ndan m\u00fclk\u00fc de\u011ferlendirmek ve fiyatland\u0131rmak i\u00e7in sahada gezilere devam ettikleri ve onlara dan\u0131\u015fmanl\u0131k ve tavsiye verdi\u011fimiz&#8230; \u00e7\u00fcnk\u00fc sizin dilinizi konu\u015fuyoruz &#8211; \u00e7al\u0131\u015fmalar ve analizlere g\u00f6re. Ard\u0131ndan i\u015flemi tamamlamak i\u00e7in birlikte ilerliyoruz ve ard\u0131ndan istedikleri hedefe ula\u015fmalar\u0131n\u0131 sa\u011flamak i\u00e7in geli\u015fim ve y\u00f6netim hizmetlerimizi ellerine veriyoruz.<\/p>\n\n\n\n<p>&#8220;GOLD ESTATE TURKEY&#8221;da t\u00fcm i\u015flemlerimiz resmi ve belgeli s\u00f6zle\u015fmelerle yap\u0131lmaktad\u0131r, finansal sistemimiz \u0130slami bir sistemdir, i\u015fimiz ilk \u00f6nceli\u011finiz olarak itibar\u0131m\u0131z\u0131 g\u00f6z \u00f6n\u00fcnde bulundurarak hareket eder \u00e7\u00fcnk\u00fc b\u00fcy\u00fck komisyonlar pe\u015finde ko\u015fmuyoruz, b\u00fcy\u00fck i\u015flemler pe\u015finde ko\u015fuyoruz. &#8220;GOLD ESTATE TURKEY&#8221; \u015firketi, T\u00fcrkiye&#8217;deki en iyi gayrimenkulleri ve en g\u00fc\u00e7l\u00fc tekliflere en kolay eri\u015fim sa\u011flayan ilk referans\u0131n\u0131z ve kap\u0131n\u0131zd\u0131r.<\/p>\n\n\n\n<p>Rakip fiyatlarla, istedi\u011finiz gayrimenkulleri, \u00e7iftlikleri, arsalar\u0131, evleri ve l\u00fcks villalar\u0131 alabilece\u011finiz harika f\u0131rsatlar\u0131 bulabilece\u011finiz, bu hizmetlerimizin \u00e7o\u011funun, \u0130stanbul gibi g\u00fczel ve l\u00fcks T\u00fcrk \u015fehirlerinin yan\u0131 s\u0131ra (Sapanca, \u0130zmit , Yalova, Sakarya, Alanya, Antalya) en uygun fiyatlarla ve en d\u00fc\u015f\u00fck maliyetlerle ve en h\u0131zl\u0131 y\u00f6ntemlerle sunuldu\u011fu yerdir.<\/p>\n\n\n\n<hr class=\"wp-block-separator has-alpha-channel-opacity\"\/>\n\n\n\n<figure class=\"wp-block-image size-large\"><img loading=\"lazy\" decoding=\"async\" width=\"1024\" height=\"575\" src=\"https:\/\/aqaratturkey.net\/sapanca-bungalow\/wp-content\/uploads\/2024\/04\/gold-estate-team-1024x575.jpeg\" alt=\"\" class=\"wp-image-482\" srcset=\"https:\/\/aqaratturkey.net\/sapanca-bungalow\/wp-content\/uploads\/2024\/04\/gold-estate-team-1024x575.jpeg 1024w, https:\/\/aqaratturkey.net\/sapanca-bungalow\/wp-content\/uploads\/2024\/04\/gold-estate-team-300x168.jpeg 300w, https:\/\/aqaratturkey.net\/sapanca-bungalow\/wp-content\/uploads\/2024\/04\/gold-estate-team-768x431.jpeg 768w, https:\/\/aqaratturkey.net\/sapanca-bungalow\/wp-content\/uploads\/2024\/04\/gold-estate-team-1536x862.jpeg 1536w, https:\/\/aqaratturkey.net\/sapanca-bungalow\/wp-content\/uploads\/2024\/04\/gold-estate-team.jpeg 1600w\" sizes=\"auto, (max-width: 1024px) 100vw, 1024px\" \/><\/figure>\n","protected":false},"excerpt":{"rendered":"<p>Ba\u015flang\u0131c\u0131m\u0131z : &#8220;GOLD ESTATE TURKEY&#8221;n\u0131n ba\u015flang\u0131c\u0131 T\u00fcrkiye&#8217;nin kalbinden geldi. 2004 y\u0131l\u0131nda, emlak faaliyetlerimiz ve in\u015faat b\u00fcy\u00fck \u00f6l\u00e7\u00fcde yerel d\u00fczeydeydi, ancak &#8230; <\/p>\n","protected":false},"author":1,"featured_media":0,"parent":0,"menu_order":0,"comment_status":"closed","ping_status":"closed","template":"","meta":{"_acf_changed":false,"footnotes":""},"class_list":["post-12","page","type-page","status-publish","hentry"],"acf":[],"jetpack_sharing_enabled":true,"_links":{"self":[{"href":"https:\/\/aqaratturkey.net\/sapanca-bungalow\/wp-json\/wp\/v2\/pages\/12","targetHints":{"allow":["GET"]}}],"collection":[{"href":"https:\/\/aqaratturkey.net\/sapanca-bungalow\/wp-json\/wp\/v2\/pages"}],"about":[{"href":"https:\/\/aqaratturkey.net\/sapanca-bungalow\/wp-json\/wp\/v2\/types\/page"}],"author":[{"embeddable":true,"href":"https:\/\/aqaratturkey.net\/sapanca-bungalow\/wp-json\/wp\/v2\/users\/1"}],"replies":[{"embeddable":true,"href":"https:\/\/aqaratturkey.net\/sapanca-bungalow\/wp-json\/wp\/v2\/comments?post=12"}],"version-history":[{"count":8,"href":"https:\/\/aqaratturkey.net\/sapanca-bungalow\/wp-json\/wp\/v2\/pages\/12\/revisions"}],"predecessor-version":[{"id":483,"href":"https:\/\/aqaratturkey.net\/sapanca-bungalow\/wp-json\/wp\/v2\/pages\/12\/revisions\/483"}],"wp:attachment":[{"href":"https:\/\/aqaratturkey.net\/sapanca-bungalow\/wp-json\/wp\/v2\/media?parent=12"}],"curies":[{"name":"wp","href":"https:\/\/api.w.org\/{rel}","templated":true}]}}